{"id":164,"date":"2025-11-12T17:27:48","date_gmt":"2025-11-12T16:27:48","guid":{"rendered":"https:\/\/kud-tisincani.hr\/?page_id=164"},"modified":"2025-11-20T11:36:38","modified_gmt":"2025-11-20T10:36:38","slug":"o-nama","status":"publish","type":"page","link":"https:\/\/kud-tisincani.hr\/index.php\/o-nama\/","title":{"rendered":"O NAMA"},"content":{"rendered":"<div id=\"tdi_1\" class=\"tdc-zone\"><div class=\"tdc_zone tdi_2  wpb_row td-pb-row tdc-element-style\"  >\n<style scoped>\n\/* custom css - generated by TagDiv Composer *\/\n\n\/* custom css - generated by TagDiv Composer *\/\n.tdi_2{\r\n                    min-height: 0;\r\n                }\n\/* inline tdc_css att - generated by TagDiv Composer *\/\n\n.tdi_2{\nposition:relative;\n}\n\n<\/style>\n<div class=\"tdi_1_rand_style td-element-style\" ><style>\n\/* custom css - generated by TagDiv Composer *\/\n\n.tdi_1_rand_style{\nbackground-color:#ffffff !important;\n}\n <\/style><\/div><div id=\"tdi_3\" class=\"tdc-row\"><div class=\"vc_row tdi_4  wpb_row td-pb-row\" >\n<style scoped>\n\/* custom css - generated by TagDiv Composer *\/\n\n\/* custom css - generated by TagDiv Composer *\/\n.tdi_4,\r\n                .tdi_4 .tdc-columns{\r\n                    min-height: 0;\r\n                }.tdi_4,\r\n\t\t\t\t.tdi_4 .tdc-columns{\r\n\t\t\t\t    display: block;\r\n\t\t\t\t}.tdi_4 .tdc-columns{\r\n\t\t\t\t    width: 100%;\r\n\t\t\t\t}.tdi_4:before,\r\n\t\t\t\t.tdi_4:after{\r\n\t\t\t\t    display: table;\r\n\t\t\t\t}\n<\/style><div class=\"vc_column tdi_6  wpb_column vc_column_container tdc-column td-pb-span12\">\n<style scoped>\n\/* custom css - generated by TagDiv Composer *\/\n\n\/* custom css - generated by TagDiv Composer *\/\n.tdi_6{\r\n                    vertical-align: baseline;\r\n                }.tdi_6 > .wpb_wrapper,\r\n\t\t\t\t.tdi_6 > .wpb_wrapper > .tdc-elements{\r\n\t\t\t\t    display: block;\r\n\t\t\t\t}.tdi_6 > .wpb_wrapper > .tdc-elements{\r\n\t\t\t\t    width: 100%;\r\n\t\t\t\t}.tdi_6 > .wpb_wrapper > .vc_row_inner{\r\n\t\t\t\t    width: auto;\r\n\t\t\t\t}.tdi_6 > .wpb_wrapper{\r\n\t\t\t\t    width: auto;\r\n\t\t\t\t    height: auto;\r\n\t\t\t\t}\n<\/style><div class=\"wpb_wrapper\" ><div class=\"td_block_wrap tdm_block_inline_image_simplified tdi_7 td-animation-stack td-pb-border-top td_block_template_1\"  data-td-block-uid=\"tdi_7\" >\n<style>\n\/* custom css - generated by TagDiv Composer *\/\n.tdm_block_inline_image_simplified{\r\n                    display: inline-flex;\r\n                    flex-direction: column;\r\n                    align-items: flex-start;\r\n                    position: relative;\r\n                    margin-bottom: 0;\r\n                }.tdm_block_inline_image_simplified > .td-element-style{\r\n                    z-index: -1;\r\n                }.tdm_block_inline_image_simplified .tdm-ii-wrap{\r\n                    position: relative;\r\n                    max-width: 100%;\r\n                }.tdm_block_inline_image_simplified .tdm-ii-wrap:before,\r\n                .tdm_block_inline_image_simplified .tdm-ii-wrap:after{\r\n                    position: absolute;\r\n                    top: 0;\r\n                    left: 0;\r\n                    width: 100%;\r\n                    height: 100%;\r\n                    transition: opacity 1s ease;\r\n                    z-index: 1;\r\n                }.tdm_block_inline_image_simplified img{\r\n                    display: block;\r\n                    width: 100%;\r\n                    border: 0 solid #000;\r\n                    transition: all 1s ease;\r\n                }\n<\/style><div class=\"tdm-ii-wrap \"><img loading=\"lazy\" decoding=\"async\" class=\"td-lazy-img\" src=\"https:\/\/kud-tisincani.hr\/wp-content\/uploads\/2025\/11\/KUD-Tisincani.jpg\" data-type=\"image_tag\" data-img-url=\"https:\/\/kud-tisincani.hr\/wp-content\/uploads\/2025\/11\/KUD-Tisincani.jpg\" title=\"KUD Ti\u0161in\u010dani\" width=\"1700\" height=\"1204\" \/><\/div><\/div><\/div><\/div><\/div><\/div><div id=\"tdi_8\" class=\"tdc-row\"><div class=\"vc_row tdi_9  wpb_row td-pb-row\" >\n<style scoped>\n\/* custom css - generated by TagDiv Composer *\/\n\n\/* custom css - generated by TagDiv Composer *\/\n.tdi_9,\r\n                .tdi_9 .tdc-columns{\r\n                    min-height: 0;\r\n                }.tdi_9,\r\n\t\t\t\t.tdi_9 .tdc-columns{\r\n\t\t\t\t    display: block;\r\n\t\t\t\t}.tdi_9 .tdc-columns{\r\n\t\t\t\t    width: 100%;\r\n\t\t\t\t}.tdi_9:before,\r\n\t\t\t\t.tdi_9:after{\r\n\t\t\t\t    display: table;\r\n\t\t\t\t}\n<\/style><div class=\"vc_column tdi_11  wpb_column vc_column_container tdc-column td-pb-span12\">\n<style scoped>\n\/* custom css - generated by TagDiv Composer *\/\n\n\/* custom css - generated by TagDiv Composer *\/\n.tdi_11{\r\n                    vertical-align: baseline;\r\n                }.tdi_11 > .wpb_wrapper,\r\n\t\t\t\t.tdi_11 > .wpb_wrapper > .tdc-elements{\r\n\t\t\t\t    display: block;\r\n\t\t\t\t}.tdi_11 > .wpb_wrapper > .tdc-elements{\r\n\t\t\t\t    width: 100%;\r\n\t\t\t\t}.tdi_11 > .wpb_wrapper > .vc_row_inner{\r\n\t\t\t\t    width: auto;\r\n\t\t\t\t}.tdi_11 > .wpb_wrapper{\r\n\t\t\t\t    width: auto;\r\n\t\t\t\t    height: auto;\r\n\t\t\t\t}\n<\/style><div class=\"wpb_wrapper\" ><div class=\"wpb_wrapper td_block_empty_space td_block_wrap vc_empty_space tdi_13 \"  style=\"height: 32px\"><\/div><div class=\"td_block_wrap tdb_title tdi_14 tdb-page-title td-pb-border-top td_block_template_1\"  data-td-block-uid=\"tdi_14\" >\n<style>\n\/* custom css - generated by TagDiv Composer *\/\n.tdb_title{\r\n                  margin-bottom: 19px;\r\n                }.tdb_title.tdb-content-horiz-center{\r\n                  text-align: center;\r\n                }.tdb_title.tdb-content-horiz-center .tdb-title-line{\r\n                  margin: 0 auto;\r\n                }.tdb_title.tdb-content-horiz-right{\r\n                  text-align: right;\r\n                }.tdb_title.tdb-content-horiz-right .tdb-title-line{\r\n                  margin-left: auto;\r\n                  margin-right: 0;\r\n                }.tdb-title-text{\r\n                  display: inline-block;\r\n                  position: relative;\r\n                  margin: 0;\r\n                  word-wrap: break-word;\r\n                  font-size: 30px;\r\n                  line-height: 38px;\r\n                  font-weight: 700;\r\n                }.tdb-first-letter{\r\n                  position: absolute;\r\n                  -webkit-user-select: none;\r\n                  user-select: none;\r\n                  pointer-events: none;\r\n                  text-transform: uppercase;\r\n                  color: rgba(0, 0, 0, 0.08);\r\n                  font-size: 6em;\r\n                  font-weight: 300;\r\n                  top: 50%;\r\n                  -webkit-transform: translateY(-50%);\r\n                  transform: translateY(-50%);\r\n                  left: -0.36em;\r\n                  z-index: -1;\r\n                  -webkit-text-fill-color: initial;\r\n                }.tdb-title-line{\r\n                  display: none;\r\n                  position: relative;\r\n                }.tdb-title-line:after{\r\n                  content: '';\r\n                  width: 100%;\r\n                  position: absolute;\r\n                  background-color: var(--td_theme_color, #4db2ec);\r\n                  top: 0;\r\n                  left: 0;\r\n                  margin: auto;\r\n                }.tdi_14 .tdb-title-line:after{\r\n\t\t\t\t\theight: 2px;\r\n\t\t\t\t\r\n\t\t\t\t\tbottom: 40%;\r\n\t\t\t\t}.tdi_14 .tdb-title-line{\r\n\t\t\t\t\theight: 50px;\r\n\t\t\t\t}.td-theme-wrap .tdi_14{\r\n\t\t\t\t\ttext-align: left;\r\n\t\t\t\t}.tdi_14 .tdb-first-letter{\r\n\t\t\t\t\tleft: -0.36em;\r\n\t\t\t\t\tright: auto;\r\n\t\t\t\t}\n<\/style><div class=\"tdb-block-inner td-fix-index\"><h1 class=\"tdb-title-text\">Sample Page Title<\/h1><div><\/div><div class=\"tdb-title-line\"><\/div><\/div><\/div><div class=\"td_block_wrap td_block_text_with_title tdi_15 tagdiv-type td-pb-border-top td_block_template_1\"  data-td-block-uid=\"tdi_15\" >\n<style>\n\/* custom css - generated by TagDiv Composer *\/\n.td_block_text_with_title{\r\n                  margin-bottom: 44px;\r\n                  -webkit-transform: translateZ(0);\r\n                  transform: translateZ(0);\r\n                }.td_block_text_with_title p:last-child{\r\n                  margin-bottom: 0;\r\n                }\n<\/style><div class=\"td-block-title-wrap\"><\/div><div class=\"td_mod_wrap td-fix-index\"><p data-start=\"87\" data-end=\"410\">KUD <strong data-start=\"91\" data-end=\"106\">\u201cTi\u0161in\u010dani\u201d<\/strong> kulturno je-umjetni\u010dko dru\u0161tvo s dugom i bogatom tradicijom. Njegovi po\u010deci se\u017eu u 1985. godinu, kada je djelovalo pod nazivom <strong data-start=\"234\" data-end=\"254\">KUD \u201cMato Bori\u0107\u201d<\/strong>. Iako je tijekom godina dru\u0161tvo dva puta prestajalo s radom, 2017. godine ponovno je obnovljeno i od tada djeluje pod dana\u0161njim imenom <strong data-start=\"390\" data-end=\"409\">KUD \u201cTi\u0161in\u010dani\u201d<\/strong>.<\/p>\n<p data-start=\"412\" data-end=\"682\">Od obnove pa do danas, dru\u0161tvo sudjeluje na brojnim nastupima i manifestacijama u Hrvatskoj i inozemstvu, me\u0111u kojima se isti\u010de gostovanje u Velikoj Kladu\u0161i. Na smotrama folklora \u010dlanovi redovito osvajaju priznanja i s ponosom predstavljaju kulturnu ba\u0161tinu svoga kraja.<\/p>\n<p data-start=\"684\" data-end=\"923\">KUD djeluje kroz dvije sekcije \u2013 <strong data-start=\"717\" data-end=\"731\">radioni\u010dku<\/strong> te <strong data-start=\"735\" data-end=\"763\">sekciju za pjesmu i ples<\/strong> \u2013 koje \u010duvaju i promi\u010du izvornu ba\u0161tinu gornje Posavine. Kroz radionice i probe njeguju se tradicionalni plesovi, pjesme i obi\u010daji karakteristi\u010dni za na\u0161 kraj.<\/p>\n<p data-start=\"925\" data-end=\"1209\">Godine 2022. odr\u017eani su prvi <strong data-start=\"954\" data-end=\"982\">folklorni susreti u selu<\/strong>, a inicijativu za njih pokrenuo je <strong data-start=\"1018\" data-end=\"1037\">Julije Ivi\u010dinec<\/strong>. Susreti su organizirani povodom proslave za\u0161titnika sela, <strong data-start=\"1097\" data-end=\"1113\">Srca Isusova<\/strong>, i privukli su veliki broj posjetitelja, dodatno osna\u017eiv\u0161i zajedni\u0161tvo i kulturni \u017eivot mjesta.<\/p>\n<p data-start=\"1211\" data-end=\"1374\">Dru\u0161tvo je sudjelovalo i u izradi glazbenog spota na temu pjesme <strong data-start=\"1276\" data-end=\"1301\">\u201cSava voda proticala\u201d<\/strong>, \u010dime je dodatno oboga\u0107ena prezentacija tradicijske glazbe na\u0161ega kraja.<\/p>\n<p data-start=\"1376\" data-end=\"1626\">Stru\u010dna voditeljica KUD-a je <strong data-start=\"1405\" data-end=\"1422\">Ljubica Vugi\u0107<\/strong>, \u010diji rad, iskustvo i predanost kontinuirano podi\u017eu umjetni\u010dku kvalitetu dru\u0161tva.<br data-start=\"1504\" data-end=\"1507\" \/>Predsjednica KUD-a je <strong data-start=\"1529\" data-end=\"1549\">Mirjana Ivi\u010dinec<\/strong>, koja sa svojim timom brine o organizaciji, radu i daljnjem razvoju dru\u0161tva.<\/p>\n<\/div><\/div><div class=\"td_block_wrap td_block_text_with_title tdi_16 tagdiv-type td-pb-border-top td_block_template_1\"  data-td-block-uid=\"tdi_16\" ><div class=\"td-block-title-wrap\"><\/div><div class=\"td_mod_wrap td-fix-index\"><p>KUD &#8220;TI\u0160IN\u010cANI&#8221; <br \/>Ti\u0161ina Erdedska 50, 44000, <br \/>Ti\u0161ina Erdedska, Hrvatska <br \/>Predsjednica: MIRJANA IVI\u010cINEC<\/p>\n<\/div><\/div><\/div><\/div><\/div><\/div><\/div><\/div>","protected":false},"excerpt":{"rendered":"","protected":false},"author":1,"featured_media":0,"parent":0,"menu_order":0,"comment_status":"closed","ping_status":"closed","template":"","meta":{"footnotes":""},"class_list":["post-164","page","type-page","status-publish"],"yoast_head":"<!-- This site is optimized with the Yoast SEO plugin v27.4 - https:\/\/yoast.com\/product\/yoast-seo-wordpress\/ -->\n<title>O NAMA - KUD Ti\u0161in\u010dani<\/title>\n<meta name=\"robots\" content=\"index, follow, max-snippet:-1, max-image-preview:large, max-video-preview:-1\" \/>\n<link rel=\"canonical\" href=\"https:\/\/kud-tisincani.hr\/index.php\/o-nama\/\" \/>\n<meta property=\"og:locale\" content=\"hr_HR\" \/>\n<meta property=\"og:type\" content=\"article\" \/>\n<meta property=\"og:title\" content=\"O NAMA - KUD Ti\u0161in\u010dani\" \/>\n<meta property=\"og:url\" content=\"https:\/\/kud-tisincani.hr\/index.php\/o-nama\/\" \/>\n<meta property=\"og:site_name\" content=\"KUD Ti\u0161in\u010dani\" \/>\n<meta property=\"article:modified_time\" content=\"2025-11-20T10:36:38+00:00\" \/>\n<meta name=\"twitter:card\" content=\"summary_large_image\" \/>\n<meta name=\"twitter:label1\" content=\"Procijenjeno vrijeme \u010ditanja\" \/>\n\t<meta name=\"twitter:data1\" content=\"2 minute\" \/>\n<script type=\"application\/ld+json\" class=\"yoast-schema-graph\">{\"@context\":\"https:\\\/\\\/schema.org\",\"@graph\":[{\"@type\":\"WebPage\",\"@id\":\"https:\\\/\\\/kud-tisincani.hr\\\/index.php\\\/o-nama\\\/\",\"url\":\"https:\\\/\\\/kud-tisincani.hr\\\/index.php\\\/o-nama\\\/\",\"name\":\"O NAMA - KUD Ti\u0161in\u010dani\",\"isPartOf\":{\"@id\":\"https:\\\/\\\/kud-tisincani.hr\\\/#website\"},\"datePublished\":\"2025-11-12T16:27:48+00:00\",\"dateModified\":\"2025-11-20T10:36:38+00:00\",\"breadcrumb\":{\"@id\":\"https:\\\/\\\/kud-tisincani.hr\\\/index.php\\\/o-nama\\\/#breadcrumb\"},\"inLanguage\":\"hr\",\"potentialAction\":[{\"@type\":\"ReadAction\",\"target\":[\"https:\\\/\\\/kud-tisincani.hr\\\/index.php\\\/o-nama\\\/\"]}]},{\"@type\":\"BreadcrumbList\",\"@id\":\"https:\\\/\\\/kud-tisincani.hr\\\/index.php\\\/o-nama\\\/#breadcrumb\",\"itemListElement\":[{\"@type\":\"ListItem\",\"position\":1,\"name\":\"Po\u010detna stranica\",\"item\":\"https:\\\/\\\/kud-tisincani.hr\\\/\"},{\"@type\":\"ListItem\",\"position\":2,\"name\":\"O NAMA\"}]},{\"@type\":\"WebSite\",\"@id\":\"https:\\\/\\\/kud-tisincani.hr\\\/#website\",\"url\":\"https:\\\/\\\/kud-tisincani.hr\\\/\",\"name\":\"KUD Ti\u0161in\u010dani\",\"description\":\"\",\"potentialAction\":[{\"@type\":\"SearchAction\",\"target\":{\"@type\":\"EntryPoint\",\"urlTemplate\":\"https:\\\/\\\/kud-tisincani.hr\\\/?s={search_term_string}\"},\"query-input\":{\"@type\":\"PropertyValueSpecification\",\"valueRequired\":true,\"valueName\":\"search_term_string\"}}],\"inLanguage\":\"hr\"}]}<\/script>\n<!-- \/ Yoast SEO plugin. -->","yoast_head_json":{"title":"O NAMA - KUD Ti\u0161in\u010dani","robots":{"index":"index","follow":"follow","max-snippet":"max-snippet:-1","max-image-preview":"max-image-preview:large","max-video-preview":"max-video-preview:-1"},"canonical":"https:\/\/kud-tisincani.hr\/index.php\/o-nama\/","og_locale":"hr_HR","og_type":"article","og_title":"O NAMA - KUD Ti\u0161in\u010dani","og_url":"https:\/\/kud-tisincani.hr\/index.php\/o-nama\/","og_site_name":"KUD Ti\u0161in\u010dani","article_modified_time":"2025-11-20T10:36:38+00:00","twitter_card":"summary_large_image","twitter_misc":{"Procijenjeno vrijeme \u010ditanja":"2 minute"},"schema":{"@context":"https:\/\/schema.org","@graph":[{"@type":"WebPage","@id":"https:\/\/kud-tisincani.hr\/index.php\/o-nama\/","url":"https:\/\/kud-tisincani.hr\/index.php\/o-nama\/","name":"O NAMA - KUD Ti\u0161in\u010dani","isPartOf":{"@id":"https:\/\/kud-tisincani.hr\/#website"},"datePublished":"2025-11-12T16:27:48+00:00","dateModified":"2025-11-20T10:36:38+00:00","breadcrumb":{"@id":"https:\/\/kud-tisincani.hr\/index.php\/o-nama\/#breadcrumb"},"inLanguage":"hr","potentialAction":[{"@type":"ReadAction","target":["https:\/\/kud-tisincani.hr\/index.php\/o-nama\/"]}]},{"@type":"BreadcrumbList","@id":"https:\/\/kud-tisincani.hr\/index.php\/o-nama\/#breadcrumb","itemListElement":[{"@type":"ListItem","position":1,"name":"Po\u010detna stranica","item":"https:\/\/kud-tisincani.hr\/"},{"@type":"ListItem","position":2,"name":"O NAMA"}]},{"@type":"WebSite","@id":"https:\/\/kud-tisincani.hr\/#website","url":"https:\/\/kud-tisincani.hr\/","name":"KUD Ti\u0161in\u010dani","description":"","potentialAction":[{"@type":"SearchAction","target":{"@type":"EntryPoint","urlTemplate":"https:\/\/kud-tisincani.hr\/?s={search_term_string}"},"query-input":{"@type":"PropertyValueSpecification","valueRequired":true,"valueName":"search_term_string"}}],"inLanguage":"hr"}]}},"_links":{"self":[{"href":"https:\/\/kud-tisincani.hr\/index.php\/wp-json\/wp\/v2\/pages\/164","targetHints":{"allow":["GET"]}}],"collection":[{"href":"https:\/\/kud-tisincani.hr\/index.php\/wp-json\/wp\/v2\/pages"}],"about":[{"href":"https:\/\/kud-tisincani.hr\/index.php\/wp-json\/wp\/v2\/types\/page"}],"author":[{"embeddable":true,"href":"https:\/\/kud-tisincani.hr\/index.php\/wp-json\/wp\/v2\/users\/1"}],"replies":[{"embeddable":true,"href":"https:\/\/kud-tisincani.hr\/index.php\/wp-json\/wp\/v2\/comments?post=164"}],"version-history":[{"count":5,"href":"https:\/\/kud-tisincani.hr\/index.php\/wp-json\/wp\/v2\/pages\/164\/revisions"}],"predecessor-version":[{"id":249,"href":"https:\/\/kud-tisincani.hr\/index.php\/wp-json\/wp\/v2\/pages\/164\/revisions\/249"}],"wp:attachment":[{"href":"https:\/\/kud-tisincani.hr\/index.php\/wp-json\/wp\/v2\/media?parent=164"}],"curies":[{"name":"wp","href":"https:\/\/api.w.org\/{rel}","templated":true}]}}